{"id":855,"date":"2025-04-03T19:29:39","date_gmt":"2025-04-03T19:29:39","guid":{"rendered":"https:\/\/lumirika.com\/?page_id=855"},"modified":"2025-06-05T14:30:21","modified_gmt":"2025-06-05T14:30:21","slug":"estudio-de-fotos-en-bizkaia","status":"publish","type":"page","link":"https:\/\/lumirika.com\/en\/servicios\/estudio-de-fotos-en-bizkaia\/","title":{"rendered":"Estudio de fotos en Bizkaia"},"content":{"rendered":"<div data-elementor-type=\"wp-page\" data-elementor-id=\"855\" class=\"elementor elementor-855\" data-elementor-post-type=\"page\">\n\t\t\t\t<div class=\"elementor-element elementor-element-a72f1df e-con-full e-flex e-con e-parent\" data-id=\"a72f1df\" data-element_type=\"container\" data-e-type=\"container\" data-settings=\"{&quot;background_background&quot;:&quot;classic&quot;}\">\n\t\t<div class=\"elementor-element elementor-element-2f0a786 e-con-full e-flex e-con e-child\" data-id=\"2f0a786\" data-element_type=\"container\" data-e-type=\"container\">\n\t\t\t\t<div class=\"elementor-element elementor-element-b11f1a7 elementor-widget elementor-widget-heading\" data-id=\"b11f1a7\" data-element_type=\"widget\" data-e-type=\"widget\" data-widget_type=\"heading.default\">\n\t\t\t\t<div class=\"elementor-widget-container\">\n\t\t\t\t\t<h1 class=\"elementor-heading-title elementor-size-default\">Estudio de fotos en bizkaia<\/h1>\t\t\t\t<\/div>\n\t\t\t\t<\/div>\n\t\t\t\t<\/div>\n\t\t\t\t<\/div>\n\t\t<div class=\"elementor-element elementor-element-f9c8e62 e-con-full e-flex e-con e-parent\" data-id=\"f9c8e62\" data-element_type=\"container\" data-e-type=\"container\" data-settings=\"{&quot;background_background&quot;:&quot;classic&quot;}\">\n\t\t<div class=\"elementor-element elementor-element-a0a5f82 e-con-full e-flex e-con e-child\" data-id=\"a0a5f82\" data-element_type=\"container\" data-e-type=\"container\">\n\t\t\t\t<div class=\"elementor-element elementor-element-84aba00 elementor-widget elementor-widget-text-editor\" data-id=\"84aba00\" data-element_type=\"widget\" data-e-type=\"widget\" data-widget_type=\"text-editor.default\">\n\t\t\t\t<div class=\"elementor-widget-container\">\n\t\t\t\t\t\t\t\t\t<p class=\"\" data-start=\"122\" data-end=\"320\">Intimate and curated sessions for families, couples, or personal portraits. I strive to create a comfortable space where you can truly express yourself and create meaningful and moving images together.<\/p>\t\t\t\t\t\t\t\t<\/div>\n\t\t\t\t<\/div>\n\t\t\t\t<\/div>\n\t\t<div class=\"elementor-element elementor-element-91fe45a e-con-full e-flex e-con e-child\" data-id=\"91fe45a\" data-element_type=\"container\" data-e-type=\"container\" data-settings=\"{&quot;background_background&quot;:&quot;classic&quot;}\">\n\t\t<div class=\"elementor-element elementor-element-5e2bd56 e-con-full e-flex e-con e-child\" data-id=\"5e2bd56\" data-element_type=\"container\" data-e-type=\"container\" data-settings=\"{&quot;background_background&quot;:&quot;classic&quot;}\">\n\t\t<div class=\"elementor-element elementor-element-ab6320c e-con-full e-flex e-con e-child\" data-id=\"ab6320c\" data-element_type=\"container\" data-e-type=\"container\" data-settings=\"{&quot;background_background&quot;:&quot;classic&quot;}\">\n\t\t\t\t<\/div>\n\t\t<div class=\"elementor-element elementor-element-a64cc8a e-con-full e-flex e-con e-child\" data-id=\"a64cc8a\" data-element_type=\"container\" data-e-type=\"container\">\n\t\t\t\t<div class=\"elementor-element elementor-element-28708a2 elementor-widget elementor-widget-heading\" data-id=\"28708a2\" data-element_type=\"widget\" data-e-type=\"widget\" data-widget_type=\"heading.default\">\n\t\t\t\t<div class=\"elementor-widget-container\">\n\t\t\t\t\t<div class=\"elementor-heading-title elementor-size-default\"><a href=\"https:\/\/lumirika.com\/en\/servicios\/estudio-de-fotos-en-bizkaia\/fotografia-de-familias-en-bilbao\/\">Families<\/a><\/div>\t\t\t\t<\/div>\n\t\t\t\t<\/div>\n\t\t\t\t<div class=\"elementor-element elementor-element-4315298 elementor-align-center elementor-mobile-align-left elementor-widget elementor-widget-button\" data-id=\"4315298\" data-element_type=\"widget\" data-e-type=\"widget\" data-widget_type=\"button.default\">\n\t\t\t\t<div class=\"elementor-widget-container\">\n\t\t\t\t\t\t\t\t\t<div class=\"elementor-button-wrapper\">\n\t\t\t\t\t<a class=\"elementor-button elementor-button-link elementor-size-sm\" href=\"https:\/\/lumirika.com\/en\/servicios\/estudio-de-fotos-en-bizkaia\/fotografia-de-familias-en-bilbao\/\">\n\t\t\t\t\t\t<span class=\"elementor-button-content-wrapper\">\n\t\t\t\t\t\t\t\t\t<span class=\"elementor-button-text\">see more<\/span>\n\t\t\t\t\t<\/span>\n\t\t\t\t\t<\/a>\n\t\t\t\t<\/div>\n\t\t\t\t\t\t\t\t<\/div>\n\t\t\t\t<\/div>\n\t\t\t\t<\/div>\n\t\t\t\t<\/div>\n\t\t<div class=\"elementor-element elementor-element-43a0f0d e-con-full e-flex e-con e-child\" data-id=\"43a0f0d\" data-element_type=\"container\" data-e-type=\"container\" data-settings=\"{&quot;background_background&quot;:&quot;classic&quot;}\">\n\t\t<div class=\"elementor-element elementor-element-5dd8483 e-con-full e-flex e-con e-child\" data-id=\"5dd8483\" data-element_type=\"container\" data-e-type=\"container\" data-settings=\"{&quot;background_background&quot;:&quot;classic&quot;}\">\n\t\t\t\t<\/div>\n\t\t<div class=\"elementor-element elementor-element-87aa793 e-con-full e-flex e-con e-child\" data-id=\"87aa793\" data-element_type=\"container\" data-e-type=\"container\">\n\t\t\t\t<div class=\"elementor-element elementor-element-0d2061a elementor-widget elementor-widget-heading\" data-id=\"0d2061a\" data-element_type=\"widget\" data-e-type=\"widget\" data-widget_type=\"heading.default\">\n\t\t\t\t<div class=\"elementor-widget-container\">\n\t\t\t\t\t<div class=\"elementor-heading-title elementor-size-default\"><a href=\"https:\/\/lumirika.com\/en\/servicios\/estudio-de-fotos-en-bizkaia\/parejas\/\">Couples<\/a><\/div>\t\t\t\t<\/div>\n\t\t\t\t<\/div>\n\t\t\t\t<div class=\"elementor-element elementor-element-d88206a elementor-align-center elementor-mobile-align-left elementor-widget elementor-widget-button\" data-id=\"d88206a\" data-element_type=\"widget\" data-e-type=\"widget\" data-widget_type=\"button.default\">\n\t\t\t\t<div class=\"elementor-widget-container\">\n\t\t\t\t\t\t\t\t\t<div class=\"elementor-button-wrapper\">\n\t\t\t\t\t<a class=\"elementor-button elementor-button-link elementor-size-sm\" href=\"https:\/\/lumirika.com\/en\/servicios\/estudio-de-fotos-en-bizkaia\/parejas\/\">\n\t\t\t\t\t\t<span class=\"elementor-button-content-wrapper\">\n\t\t\t\t\t\t\t\t\t<span class=\"elementor-button-text\">see more<\/span>\n\t\t\t\t\t<\/span>\n\t\t\t\t\t<\/a>\n\t\t\t\t<\/div>\n\t\t\t\t\t\t\t\t<\/div>\n\t\t\t\t<\/div>\n\t\t\t\t<\/div>\n\t\t\t\t<\/div>\n\t\t<div class=\"elementor-element elementor-element-5490b5d e-con-full e-flex e-con e-child\" data-id=\"5490b5d\" data-element_type=\"container\" data-e-type=\"container\" data-settings=\"{&quot;background_background&quot;:&quot;classic&quot;}\">\n\t\t<div class=\"elementor-element elementor-element-4264854 e-con-full e-flex e-con e-child\" data-id=\"4264854\" data-element_type=\"container\" data-e-type=\"container\" data-settings=\"{&quot;background_background&quot;:&quot;classic&quot;}\">\n\t\t\t\t<\/div>\n\t\t<div class=\"elementor-element elementor-element-39c1de5 e-con-full e-flex e-con e-child\" data-id=\"39c1de5\" data-element_type=\"container\" data-e-type=\"container\">\n\t\t\t\t<div class=\"elementor-element elementor-element-9fb61dc elementor-widget elementor-widget-heading\" data-id=\"9fb61dc\" data-element_type=\"widget\" data-e-type=\"widget\" data-widget_type=\"heading.default\">\n\t\t\t\t<div class=\"elementor-widget-container\">\n\t\t\t\t\t<div class=\"elementor-heading-title elementor-size-default\"><a href=\"https:\/\/lumirika.com\/en\/servicios\/estudio-de-fotos-en-bizkaia\/books-de-fotos-en-bilbao\/\">Book<\/a><\/div>\t\t\t\t<\/div>\n\t\t\t\t<\/div>\n\t\t\t\t<div class=\"elementor-element elementor-element-1e21e27 elementor-align-center elementor-mobile-align-left elementor-widget elementor-widget-button\" data-id=\"1e21e27\" data-element_type=\"widget\" data-e-type=\"widget\" data-widget_type=\"button.default\">\n\t\t\t\t<div class=\"elementor-widget-container\">\n\t\t\t\t\t\t\t\t\t<div class=\"elementor-button-wrapper\">\n\t\t\t\t\t<a class=\"elementor-button elementor-button-link elementor-size-sm\" href=\"https:\/\/lumirika.com\/en\/servicios\/estudio-de-fotos-en-bizkaia\/books-de-fotos-en-bilbao\/\">\n\t\t\t\t\t\t<span class=\"elementor-button-content-wrapper\">\n\t\t\t\t\t\t\t\t\t<span class=\"elementor-button-text\">see more<\/span>\n\t\t\t\t\t<\/span>\n\t\t\t\t\t<\/a>\n\t\t\t\t<\/div>\n\t\t\t\t\t\t\t\t<\/div>\n\t\t\t\t<\/div>\n\t\t\t\t<\/div>\n\t\t\t\t<\/div>\n\t\t\t\t<\/div>\n\t\t\t\t<\/div>\n\t\t\t\t<\/div>","protected":false},"excerpt":{"rendered":"<p>Estudio Sesiones \u00edntimas y cuidadas para familias, parejas o retratos personales. Busco crear un espacio c\u00f3modo, donde puedan mostrarse tal cual son y construir juntos im\u00e1genes que tengan sentido y emoci\u00f3n. Familias Ver m\u00e1s Parejas Ver m\u00e1s Book Ver m\u00e1s<\/p>","protected":false},"author":1,"featured_media":0,"parent":823,"menu_order":0,"comment_status":"closed","ping_status":"closed","template":"elementor_header_footer","meta":{"footnotes":""},"class_list":["post-855","page","type-page","status-publish","hentry"],"_links":{"self":[{"href":"https:\/\/lumirika.com\/en\/wp-json\/wp\/v2\/pages\/855","targetHints":{"allow":["GET"]}}],"collection":[{"href":"https:\/\/lumirika.com\/en\/wp-json\/wp\/v2\/pages"}],"about":[{"href":"https:\/\/lumirika.com\/en\/wp-json\/wp\/v2\/types\/page"}],"author":[{"embeddable":true,"href":"https:\/\/lumirika.com\/en\/wp-json\/wp\/v2\/users\/1"}],"replies":[{"embeddable":true,"href":"https:\/\/lumirika.com\/en\/wp-json\/wp\/v2\/comments?post=855"}],"version-history":[{"count":85,"href":"https:\/\/lumirika.com\/en\/wp-json\/wp\/v2\/pages\/855\/revisions"}],"predecessor-version":[{"id":1962,"href":"https:\/\/lumirika.com\/en\/wp-json\/wp\/v2\/pages\/855\/revisions\/1962"}],"up":[{"embeddable":true,"href":"https:\/\/lumirika.com\/en\/wp-json\/wp\/v2\/pages\/823"}],"wp:attachment":[{"href":"https:\/\/lumirika.com\/en\/wp-json\/wp\/v2\/media?parent=855"}],"curies":[{"name":"wp","href":"https:\/\/api.w.org\/{rel}","templated":true}]}}