{"id":857,"date":"2025-04-03T19:29:46","date_gmt":"2025-04-03T19:29:46","guid":{"rendered":"https:\/\/lumirika.com\/?page_id=857"},"modified":"2025-06-05T14:19:31","modified_gmt":"2025-06-05T14:19:31","slug":"producciones-en-bilbao","status":"publish","type":"page","link":"https:\/\/lumirika.com\/en\/servicios\/producciones-en-bilbao\/","title":{"rendered":"Productions"},"content":{"rendered":"<div data-elementor-type=\"wp-page\" data-elementor-id=\"857\" class=\"elementor elementor-857\" data-elementor-post-type=\"page\">\n\t\t\t\t<div class=\"elementor-element elementor-element-32b37a4 e-con-full e-flex e-con e-parent\" data-id=\"32b37a4\" data-element_type=\"container\" data-e-type=\"container\" data-settings=\"{&quot;background_background&quot;:&quot;classic&quot;}\">\n\t\t<div class=\"elementor-element elementor-element-e9e0838 e-con-full e-flex e-con e-child\" data-id=\"e9e0838\" data-element_type=\"container\" data-e-type=\"container\">\n\t\t\t\t<div class=\"elementor-element elementor-element-a94916e elementor-widget elementor-widget-heading\" data-id=\"a94916e\" data-element_type=\"widget\" data-e-type=\"widget\" data-widget_type=\"heading.default\">\n\t\t\t\t<div class=\"elementor-widget-container\">\n\t\t\t\t\t<h1 class=\"elementor-heading-title elementor-size-default\">Producciones en bilbao<\/h1>\t\t\t\t<\/div>\n\t\t\t\t<\/div>\n\t\t\t\t<\/div>\n\t\t\t\t<\/div>\n\t\t<div class=\"elementor-element elementor-element-15e5922 e-con-full e-flex e-con e-parent\" data-id=\"15e5922\" data-element_type=\"container\" data-e-type=\"container\" data-settings=\"{&quot;background_background&quot;:&quot;classic&quot;}\">\n\t\t<div class=\"elementor-element elementor-element-9ff43f4 e-con-full e-flex e-con e-child\" data-id=\"9ff43f4\" data-element_type=\"container\" data-e-type=\"container\">\n\t\t\t\t<div class=\"elementor-element elementor-element-6ced93c elementor-widget elementor-widget-text-editor\" data-id=\"6ced93c\" data-element_type=\"widget\" data-e-type=\"widget\" data-widget_type=\"text-editor.default\">\n\t\t\t\t<div class=\"elementor-widget-container\">\n\t\t\t\t\t\t\t\t\t<p class=\"\" data-start=\"101\" data-end=\"282\">Photography coverage for musical projects, filming, and other creative spaces. I'm interested in capturing what happens behind and in front of the scenes, with an honest and sensitive perspective.<\/p>\t\t\t\t\t\t\t\t<\/div>\n\t\t\t\t<\/div>\n\t\t\t\t<\/div>\n\t\t<div class=\"elementor-element elementor-element-fb19201 e-con-full e-flex e-con e-child\" data-id=\"fb19201\" data-element_type=\"container\" data-e-type=\"container\" data-settings=\"{&quot;background_background&quot;:&quot;classic&quot;}\">\n\t\t<div class=\"elementor-element elementor-element-f0e154c e-con-full e-flex e-con e-child\" data-id=\"f0e154c\" data-element_type=\"container\" data-e-type=\"container\" data-settings=\"{&quot;background_background&quot;:&quot;classic&quot;}\">\n\t\t<div class=\"elementor-element elementor-element-e74005d e-con-full e-flex e-con e-child\" data-id=\"e74005d\" data-element_type=\"container\" data-e-type=\"container\" data-settings=\"{&quot;background_background&quot;:&quot;classic&quot;}\">\n\t\t\t\t<\/div>\n\t\t<div class=\"elementor-element elementor-element-f9e5bdd e-con-full e-flex e-con e-child\" data-id=\"f9e5bdd\" data-element_type=\"container\" data-e-type=\"container\">\n\t\t\t\t<div class=\"elementor-element elementor-element-ae45896 elementor-widget elementor-widget-heading\" data-id=\"ae45896\" data-element_type=\"widget\" data-e-type=\"widget\" data-widget_type=\"heading.default\">\n\t\t\t\t<div class=\"elementor-widget-container\">\n\t\t\t\t\t<div class=\"elementor-heading-title elementor-size-default\"><a href=\"https:\/\/lumirika.com\/en\/servicios\/producciones-en-bilbao\/fotografia-de-conciertos-en-bizkaia\/\">Music<\/a><\/div>\t\t\t\t<\/div>\n\t\t\t\t<\/div>\n\t\t\t\t<div class=\"elementor-element elementor-element-2d23a6f elementor-align-center elementor-mobile-align-left elementor-widget elementor-widget-button\" data-id=\"2d23a6f\" data-element_type=\"widget\" data-e-type=\"widget\" data-widget_type=\"button.default\">\n\t\t\t\t<div class=\"elementor-widget-container\">\n\t\t\t\t\t\t\t\t\t<div class=\"elementor-button-wrapper\">\n\t\t\t\t\t<a class=\"elementor-button elementor-button-link elementor-size-sm\" href=\"https:\/\/lumirika.com\/en\/servicios\/producciones-en-bilbao\/fotografia-de-conciertos-en-bizkaia\/\">\n\t\t\t\t\t\t<span class=\"elementor-button-content-wrapper\">\n\t\t\t\t\t\t\t\t\t<span class=\"elementor-button-text\">see more<\/span>\n\t\t\t\t\t<\/span>\n\t\t\t\t\t<\/a>\n\t\t\t\t<\/div>\n\t\t\t\t\t\t\t\t<\/div>\n\t\t\t\t<\/div>\n\t\t\t\t<\/div>\n\t\t\t\t<\/div>\n\t\t<div class=\"elementor-element elementor-element-b0d1966 e-con-full e-flex e-con e-child\" data-id=\"b0d1966\" data-element_type=\"container\" data-e-type=\"container\" data-settings=\"{&quot;background_background&quot;:&quot;classic&quot;}\">\n\t\t<div class=\"elementor-element elementor-element-c84e5ca e-con-full e-flex e-con e-child\" data-id=\"c84e5ca\" data-element_type=\"container\" data-e-type=\"container\" data-settings=\"{&quot;background_background&quot;:&quot;classic&quot;}\">\n\t\t\t\t<\/div>\n\t\t<div class=\"elementor-element elementor-element-86decbf e-con-full e-flex e-con e-child\" data-id=\"86decbf\" data-element_type=\"container\" data-e-type=\"container\">\n\t\t\t\t<div class=\"elementor-element elementor-element-fc53796 elementor-widget elementor-widget-heading\" data-id=\"fc53796\" data-element_type=\"widget\" data-e-type=\"widget\" data-widget_type=\"heading.default\">\n\t\t\t\t<div class=\"elementor-widget-container\">\n\t\t\t\t\t<div class=\"elementor-heading-title elementor-size-default\"><a href=\"https:\/\/lumirika.com\/en\/servicios\/producciones-en-bilbao\/fotofija-en-bilbao\/\">Still Photo<\/a><\/div>\t\t\t\t<\/div>\n\t\t\t\t<\/div>\n\t\t\t\t<div class=\"elementor-element elementor-element-0d11ece elementor-align-center elementor-mobile-align-left elementor-widget elementor-widget-button\" data-id=\"0d11ece\" data-element_type=\"widget\" data-e-type=\"widget\" data-widget_type=\"button.default\">\n\t\t\t\t<div class=\"elementor-widget-container\">\n\t\t\t\t\t\t\t\t\t<div class=\"elementor-button-wrapper\">\n\t\t\t\t\t<a class=\"elementor-button elementor-button-link elementor-size-sm\" href=\"https:\/\/lumirika.com\/en\/servicios\/producciones-en-bilbao\/fotofija-en-bilbao\/\">\n\t\t\t\t\t\t<span class=\"elementor-button-content-wrapper\">\n\t\t\t\t\t\t\t\t\t<span class=\"elementor-button-text\">see more<\/span>\n\t\t\t\t\t<\/span>\n\t\t\t\t\t<\/a>\n\t\t\t\t<\/div>\n\t\t\t\t\t\t\t\t<\/div>\n\t\t\t\t<\/div>\n\t\t\t\t<\/div>\n\t\t\t\t<\/div>\n\t\t\t\t<\/div>\n\t\t\t\t<\/div>\n\t\t\t\t<\/div>","protected":false},"excerpt":{"rendered":"<p>Producciones En la actualidad, el uso de redes sociales ha cambiado la forma en que se comparte y consume la fotograf\u00eda. Por lo tanto, es fundamental adaptar mi trabajo a estas plataformas. Publicar im\u00e1genes de alta calidad en Instagram o Facebook no solo ayuda a los artistas a promocionarse, sino que tambi\u00e9n crea una conexi\u00f3n [&hellip;]<\/p>\n","protected":false},"author":1,"featured_media":0,"parent":823,"menu_order":0,"comment_status":"closed","ping_status":"closed","template":"elementor_header_footer","meta":{"footnotes":""},"class_list":["post-857","page","type-page","status-publish","hentry"],"_links":{"self":[{"href":"https:\/\/lumirika.com\/en\/wp-json\/wp\/v2\/pages\/857","targetHints":{"allow":["GET"]}}],"collection":[{"href":"https:\/\/lumirika.com\/en\/wp-json\/wp\/v2\/pages"}],"about":[{"href":"https:\/\/lumirika.com\/en\/wp-json\/wp\/v2\/types\/page"}],"author":[{"embeddable":true,"href":"https:\/\/lumirika.com\/en\/wp-json\/wp\/v2\/users\/1"}],"replies":[{"embeddable":true,"href":"https:\/\/lumirika.com\/en\/wp-json\/wp\/v2\/comments?post=857"}],"version-history":[{"count":59,"href":"https:\/\/lumirika.com\/en\/wp-json\/wp\/v2\/pages\/857\/revisions"}],"predecessor-version":[{"id":1955,"href":"https:\/\/lumirika.com\/en\/wp-json\/wp\/v2\/pages\/857\/revisions\/1955"}],"up":[{"embeddable":true,"href":"https:\/\/lumirika.com\/en\/wp-json\/wp\/v2\/pages\/823"}],"wp:attachment":[{"href":"https:\/\/lumirika.com\/en\/wp-json\/wp\/v2\/media?parent=857"}],"curies":[{"name":"wp","href":"https:\/\/api.w.org\/{rel}","templated":true}]}}