{"id":9,"date":"2025-03-26T13:29:17","date_gmt":"2025-03-26T13:29:17","guid":{"rendered":"https:\/\/lumirika.com\/?page_id=9"},"modified":"2025-08-01T14:21:14","modified_gmt":"2025-08-01T14:21:14","slug":"sobre-mi","status":"publish","type":"page","link":"https:\/\/lumirika.com\/en\/sobre-mi\/","title":{"rendered":"About me"},"content":{"rendered":"<div data-elementor-type=\"wp-page\" data-elementor-id=\"9\" class=\"elementor elementor-9\" data-elementor-post-type=\"page\">\n\t\t\t\t<div class=\"elementor-element elementor-element-8c38da2 e-con-full e-flex e-con e-parent\" data-id=\"8c38da2\" data-element_type=\"container\" data-e-type=\"container\" data-settings=\"{&quot;background_background&quot;:&quot;classic&quot;}\">\n\t\t<div class=\"elementor-element elementor-element-0c5e673 e-con-full e-flex e-con e-child\" data-id=\"0c5e673\" data-element_type=\"container\" data-e-type=\"container\">\n\t\t\t\t<div class=\"elementor-element elementor-element-caac110 elementor-widget elementor-widget-heading\" data-id=\"caac110\" data-element_type=\"widget\" data-e-type=\"widget\" data-widget_type=\"heading.default\">\n\t\t\t\t<div class=\"elementor-widget-container\">\n\t\t\t\t\t<h1 class=\"elementor-heading-title elementor-size-default\">About me<\/h1>\t\t\t\t<\/div>\n\t\t\t\t<\/div>\n\t\t\t\t<\/div>\n\t\t\t\t<\/div>\n\t\t<div class=\"elementor-element elementor-element-ef0f2ff e-con-full e-flex e-con e-parent\" data-id=\"ef0f2ff\" data-element_type=\"container\" data-e-type=\"container\">\n\t\t<div class=\"elementor-element elementor-element-09d0cb6 e-con-full e-flex e-con e-child\" data-id=\"09d0cb6\" data-element_type=\"container\" data-e-type=\"container\">\n\t\t\t\t<div class=\"elementor-element elementor-element-555f817 elementor-widget elementor-widget-heading\" data-id=\"555f817\" data-element_type=\"widget\" data-e-type=\"widget\" data-widget_type=\"heading.default\">\n\t\t\t\t<div class=\"elementor-widget-container\">\n\t\t\t\t\t<div class=\"elementor-heading-title elementor-size-default\">Hello!<\/div>\t\t\t\t<\/div>\n\t\t\t\t<\/div>\n\t\t\t\t<div class=\"elementor-element elementor-element-028a8a5 elementor-widget elementor-widget-text-editor\" data-id=\"028a8a5\" data-element_type=\"widget\" data-e-type=\"widget\" data-widget_type=\"text-editor.default\">\n\t\t\t\t<div class=\"elementor-widget-container\">\n\t\t\t\t\t\t\t\t\t<p>Hi, my name is Irati. I'm from Bilbao. Whenever I can, I escape to the countryside or the beach, travel, or go to village festivals in the summer. Nothing we don't all do, but I'd like to tell you how I got here. To be the photographer of your best moments.<\/p>\t\t\t\t\t\t\t\t<\/div>\n\t\t\t\t<\/div>\n\t\t\t\t<div class=\"elementor-element elementor-element-9ac1bcd elementor-widget elementor-widget-image\" data-id=\"9ac1bcd\" data-element_type=\"widget\" data-e-type=\"widget\" data-widget_type=\"image.default\">\n\t\t\t\t<div class=\"elementor-widget-container\">\n\t\t\t\t\t\t\t\t\t\t\t\t\t\t\t<img fetchpriority=\"high\" decoding=\"async\" width=\"683\" height=\"1024\" src=\"https:\/\/lumirika.com\/wp-content\/uploads\/2025\/08\/RIENDO-683x1024.jpg\" class=\"attachment-large size-large wp-image-2058\" alt=\"\" srcset=\"https:\/\/lumirika.com\/wp-content\/uploads\/2025\/08\/RIENDO-683x1024.jpg 683w, https:\/\/lumirika.com\/wp-content\/uploads\/2025\/08\/RIENDO-200x300.jpg 200w, https:\/\/lumirika.com\/wp-content\/uploads\/2025\/08\/RIENDO-768x1152.jpg 768w, https:\/\/lumirika.com\/wp-content\/uploads\/2025\/08\/RIENDO-1024x1536.jpg 1024w, https:\/\/lumirika.com\/wp-content\/uploads\/2025\/08\/RIENDO-1365x2048.jpg 1365w, https:\/\/lumirika.com\/wp-content\/uploads\/2025\/08\/RIENDO-8x12.jpg 8w, https:\/\/lumirika.com\/wp-content\/uploads\/2025\/08\/RIENDO-scaled.jpg 1707w\" sizes=\"(max-width: 683px) 100vw, 683px\" \/>\t\t\t\t\t\t\t\t\t\t\t\t\t\t\t<\/div>\n\t\t\t\t<\/div>\n\t\t\t\t<\/div>\n\t\t<div class=\"elementor-element elementor-element-c380ad8 e-con-full e-flex e-con e-child\" data-id=\"c380ad8\" data-element_type=\"container\" data-e-type=\"container\">\n\t\t\t\t<div class=\"elementor-element elementor-element-adf70d4 elementor-widget elementor-widget-heading\" data-id=\"adf70d4\" data-element_type=\"widget\" data-e-type=\"widget\" data-widget_type=\"heading.default\">\n\t\t\t\t<div class=\"elementor-widget-container\">\n\t\t\t\t\t<div class=\"elementor-heading-title elementor-size-default\">This was me<\/div>\t\t\t\t<\/div>\n\t\t\t\t<\/div>\n\t\t\t\t<div class=\"elementor-element elementor-element-291ec9a elementor-widget elementor-widget-text-editor\" data-id=\"291ec9a\" data-element_type=\"widget\" data-e-type=\"widget\" data-widget_type=\"text-editor.default\">\n\t\t\t\t<div class=\"elementor-widget-container\">\n\t\t\t\t\t\t\t\t\t<p class=\"p2\">The truth is, I never really knew what to do with my life. In fact, like most people, I suppose, I don't have a story to tell. I felt passionately about photography since I was a child, as if I had an innate gift or a mystical energy drew me to a camera. I never really considered any of this until my mother, who knew how lost I was and knew me very well, suggested it to me. What was always clear was that I was an artistic person. So I threw myself into studying photography; it was a wonderful discovery\u2026 Until a few years ago, there was still a professional photography program where, during the first term, they gave you an analog camera and had you take pictures with it and develop them. I have very fond memories of that time. I would go out with my classmates to look for things to photograph. Sometimes we would go to the countryside or the beach for a while, and when we ran out of film, we would return to the center to develop the photos in the labs. There really is something magical about developing in the silence and darkness of a photography lab\u2026<\/p>\t\t\t\t\t\t\t\t<\/div>\n\t\t\t\t<\/div>\n\t\t\t\t<\/div>\n\t\t<div class=\"elementor-element elementor-element-d4fee73 e-con-full e-flex e-con e-child\" data-id=\"d4fee73\" data-element_type=\"container\" data-e-type=\"container\">\n\t\t\t\t<div class=\"elementor-element elementor-element-73dd3ff elementor-widget elementor-widget-gallery\" data-id=\"73dd3ff\" data-element_type=\"widget\" data-e-type=\"widget\" data-settings=\"{&quot;columns&quot;:3,&quot;columns_tablet&quot;:3,&quot;lazyload&quot;:&quot;yes&quot;,&quot;gallery_layout&quot;:&quot;grid&quot;,&quot;columns_mobile&quot;:1,&quot;gap&quot;:{&quot;unit&quot;:&quot;px&quot;,&quot;size&quot;:10,&quot;sizes&quot;:[]},&quot;gap_tablet&quot;:{&quot;unit&quot;:&quot;px&quot;,&quot;size&quot;:10,&quot;sizes&quot;:[]},&quot;gap_mobile&quot;:{&quot;unit&quot;:&quot;px&quot;,&quot;size&quot;:10,&quot;sizes&quot;:[]},&quot;link_to&quot;:&quot;file&quot;,&quot;aspect_ratio&quot;:&quot;3:2&quot;,&quot;content_hover_animation&quot;:&quot;fade-in&quot;}\" data-widget_type=\"gallery.default\">\n\t\t\t\t<div class=\"elementor-widget-container\">\n\t\t\t\t\t\t\t<div class=\"elementor-gallery__container\">\n\t\t\t\t\t\t\t<a class=\"e-gallery-item elementor-gallery-item elementor-animated-content\" href=\"https:\/\/lumirika.com\/wp-content\/uploads\/2025\/05\/Captura-de-pantalla-2025-03-30-180723.jpg\" data-elementor-open-lightbox=\"yes\" data-elementor-lightbox-slideshow=\"73dd3ff\" data-e-action-hash=\"#elementor-action%3Aaction%3Dlightbox%26settings%3DeyJpZCI6MTc2MywidXJsIjoiaHR0cHM6XC9cL2x1bWlyaWthLmNvbVwvd3AtY29udGVudFwvdXBsb2Fkc1wvMjAyNVwvMDVcL0NhcHR1cmEtZGUtcGFudGFsbGEtMjAyNS0wMy0zMC0xODA3MjMuanBnIiwic2xpZGVzaG93IjoiNzNkZDNmZiJ9\">\n\t\t\t\t\t<div class=\"e-gallery-image elementor-gallery-item__image\" data-thumbnail=\"https:\/\/lumirika.com\/wp-content\/uploads\/2025\/05\/Captura-de-pantalla-2025-03-30-180723.jpg\" data-width=\"892\" data-height=\"629\" aria-label=\"\" role=\"img\" ><\/div>\n\t\t\t\t\t\t\t\t\t\t\t\t\t\t<\/a>\n\t\t\t\t\t\t\t<a class=\"e-gallery-item elementor-gallery-item elementor-animated-content\" href=\"https:\/\/lumirika.com\/wp-content\/uploads\/2025\/05\/Captura-de-pantalla-2025-03-30-180901.jpg\" data-elementor-open-lightbox=\"yes\" data-elementor-lightbox-slideshow=\"73dd3ff\" data-e-action-hash=\"#elementor-action%3Aaction%3Dlightbox%26settings%3DeyJpZCI6MTc2NCwidXJsIjoiaHR0cHM6XC9cL2x1bWlyaWthLmNvbVwvd3AtY29udGVudFwvdXBsb2Fkc1wvMjAyNVwvMDVcL0NhcHR1cmEtZGUtcGFudGFsbGEtMjAyNS0wMy0zMC0xODA5MDEuanBnIiwic2xpZGVzaG93IjoiNzNkZDNmZiJ9\">\n\t\t\t\t\t<div class=\"e-gallery-image elementor-gallery-item__image\" data-thumbnail=\"https:\/\/lumirika.com\/wp-content\/uploads\/2025\/05\/Captura-de-pantalla-2025-03-30-180901.jpg\" data-width=\"890\" data-height=\"563\" aria-label=\"\" role=\"img\" ><\/div>\n\t\t\t\t\t\t\t\t\t\t\t\t\t\t<\/a>\n\t\t\t\t\t\t\t<a class=\"e-gallery-item elementor-gallery-item elementor-animated-content\" href=\"https:\/\/lumirika.com\/wp-content\/uploads\/2025\/05\/Captura-de-pantalla-2025-03-30-180454.jpg\" data-elementor-open-lightbox=\"yes\" data-elementor-lightbox-slideshow=\"73dd3ff\" data-e-action-hash=\"#elementor-action%3Aaction%3Dlightbox%26settings%3DeyJpZCI6MTc2NSwidXJsIjoiaHR0cHM6XC9cL2x1bWlyaWthLmNvbVwvd3AtY29udGVudFwvdXBsb2Fkc1wvMjAyNVwvMDVcL0NhcHR1cmEtZGUtcGFudGFsbGEtMjAyNS0wMy0zMC0xODA0NTQuanBnIiwic2xpZGVzaG93IjoiNzNkZDNmZiJ9\">\n\t\t\t\t\t<div class=\"e-gallery-image elementor-gallery-item__image\" data-thumbnail=\"https:\/\/lumirika.com\/wp-content\/uploads\/2025\/05\/Captura-de-pantalla-2025-03-30-180454.jpg\" data-width=\"895\" data-height=\"598\" aria-label=\"\" role=\"img\" ><\/div>\n\t\t\t\t\t\t\t\t\t\t\t\t\t\t<\/a>\n\t\t\t\t\t<\/div>\n\t\t\t\t\t<\/div>\n\t\t\t\t<\/div>\n\t\t\t\t<\/div>\n\t\t<div class=\"elementor-element elementor-element-60e0f24 e-con-full e-flex e-con e-child\" data-id=\"60e0f24\" data-element_type=\"container\" data-e-type=\"container\">\n\t\t\t\t<div class=\"elementor-element elementor-element-ebf9695 elementor-widget elementor-widget-heading\" data-id=\"ebf9695\" data-element_type=\"widget\" data-e-type=\"widget\" data-widget_type=\"heading.default\">\n\t\t\t\t<div class=\"elementor-widget-container\">\n\t\t\t\t\t<div class=\"elementor-heading-title elementor-size-default\">I took more turns in life<\/div>\t\t\t\t<\/div>\n\t\t\t\t<\/div>\n\t\t\t\t<div class=\"elementor-element elementor-element-f2fa46f elementor-widget elementor-widget-text-editor\" data-id=\"f2fa46f\" data-element_type=\"widget\" data-e-type=\"widget\" data-widget_type=\"text-editor.default\">\n\t\t\t\t<div class=\"elementor-widget-container\">\n\t\t\t\t\t\t\t\t\t<p class=\"p2\">After photography, I decided to continue studying because I fell in love with the audiovisual world. I completed a higher education program in Audiovisual Project and Performance Production. What I didn't expect was to fall in love with the entertainment world along the way. I even applied for an internship at a theater; I really liked live lighting (it was already clear that this passion came from photography), and after a lot of studying, I ended up working at the same photo studio where I interned during my first training program.<\/p>\t\t\t\t\t\t\t\t<\/div>\n\t\t\t\t<\/div>\n\t\t\t\t<\/div>\n\t\t<div class=\"elementor-element elementor-element-cc8db08 e-con-full e-flex e-con e-child\" data-id=\"cc8db08\" data-element_type=\"container\" data-e-type=\"container\">\n\t\t\t\t<div class=\"elementor-element elementor-element-6f8529e elementor-widget elementor-widget-gallery\" data-id=\"6f8529e\" data-element_type=\"widget\" data-e-type=\"widget\" data-settings=\"{&quot;columns&quot;:2,&quot;aspect_ratio&quot;:&quot;16:9&quot;,&quot;columns_tablet&quot;:1,&quot;gap_tablet&quot;:{&quot;unit&quot;:&quot;px&quot;,&quot;size&quot;:30,&quot;sizes&quot;:[]},&quot;lazyload&quot;:&quot;yes&quot;,&quot;gallery_layout&quot;:&quot;grid&quot;,&quot;columns_mobile&quot;:1,&quot;gap&quot;:{&quot;unit&quot;:&quot;px&quot;,&quot;size&quot;:10,&quot;sizes&quot;:[]},&quot;gap_mobile&quot;:{&quot;unit&quot;:&quot;px&quot;,&quot;size&quot;:10,&quot;sizes&quot;:[]},&quot;link_to&quot;:&quot;file&quot;,&quot;content_hover_animation&quot;:&quot;fade-in&quot;}\" data-widget_type=\"gallery.default\">\n\t\t\t\t<div class=\"elementor-widget-container\">\n\t\t\t\t\t\t\t<div class=\"elementor-gallery__container\">\n\t\t\t\t\t\t\t<a class=\"e-gallery-item elementor-gallery-item elementor-animated-content\" href=\"https:\/\/lumirika.com\/wp-content\/uploads\/2025\/05\/DSC_0665-scaled.jpg\" data-elementor-open-lightbox=\"yes\" data-elementor-lightbox-slideshow=\"6f8529e\" data-e-action-hash=\"#elementor-action%3Aaction%3Dlightbox%26settings%3DeyJpZCI6MTc2OSwidXJsIjoiaHR0cHM6XC9cL2x1bWlyaWthLmNvbVwvd3AtY29udGVudFwvdXBsb2Fkc1wvMjAyNVwvMDVcL0RTQ18wNjY1LXNjYWxlZC5qcGciLCJzbGlkZXNob3ciOiI2Zjg1MjllIn0%3D\">\n\t\t\t\t\t<div class=\"e-gallery-image elementor-gallery-item__image\" data-thumbnail=\"https:\/\/lumirika.com\/wp-content\/uploads\/2025\/05\/DSC_0665-scaled.jpg\" data-width=\"2560\" data-height=\"1709\" aria-label=\"\" role=\"img\" ><\/div>\n\t\t\t\t\t\t\t\t\t\t\t\t\t\t<\/a>\n\t\t\t\t\t\t\t<a class=\"e-gallery-item elementor-gallery-item elementor-animated-content\" href=\"https:\/\/lumirika.com\/wp-content\/uploads\/2025\/04\/NEGATIVOS-scaled.jpg\" data-elementor-open-lightbox=\"yes\" data-elementor-lightbox-slideshow=\"6f8529e\" data-e-action-hash=\"#elementor-action%3Aaction%3Dlightbox%26settings%3DeyJpZCI6ODA0LCJ1cmwiOiJodHRwczpcL1wvbHVtaXJpa2EuY29tXC93cC1jb250ZW50XC91cGxvYWRzXC8yMDI1XC8wNFwvTkVHQVRJVk9TLXNjYWxlZC5qcGciLCJzbGlkZXNob3ciOiI2Zjg1MjllIn0%3D\">\n\t\t\t\t\t<div class=\"e-gallery-image elementor-gallery-item__image\" data-thumbnail=\"https:\/\/lumirika.com\/wp-content\/uploads\/2025\/04\/NEGATIVOS-scaled.jpg\" data-width=\"2560\" data-height=\"1500\" aria-label=\"\" role=\"img\" ><\/div>\n\t\t\t\t\t\t\t\t\t\t\t\t\t\t<\/a>\n\t\t\t\t\t<\/div>\n\t\t\t\t\t<\/div>\n\t\t\t\t<\/div>\n\t\t\t\t<\/div>\n\t\t<div class=\"elementor-element elementor-element-cae9ac8 e-con-full e-flex e-con e-child\" data-id=\"cae9ac8\" data-element_type=\"container\" data-e-type=\"container\" data-settings=\"{&quot;background_background&quot;:&quot;classic&quot;}\">\n\t\t<div class=\"elementor-element elementor-element-0854f9d e-con-full e-flex e-con e-child\" data-id=\"0854f9d\" data-element_type=\"container\" data-e-type=\"container\">\n\t\t\t\t<div class=\"elementor-element elementor-element-2912c0c elementor-widget elementor-widget-text-editor\" data-id=\"2912c0c\" data-element_type=\"widget\" data-e-type=\"widget\" data-widget_type=\"text-editor.default\">\n\t\t\t\t<div class=\"elementor-widget-container\">\n\t\t\t\t\t\t\t\t\t<p class=\"p2\">I really got into weddings. I worked with a photographer who saw weddings as a way to capture moments. Technically speaking, I did documentary photography, but instead of shooting for a newspaper, I did it for weddings. He's a photographer who's doing very well. We had a lot of work, and I'm not surprised because even people who aren't photographers know this: sometimes the most beautiful photos are those taken when you're not looking, when you're not realizing, when you're not posing, when you're laughing...<\/p>\t\t\t\t\t\t\t\t<\/div>\n\t\t\t\t<\/div>\n\t\t\t\t<\/div>\n\t\t\t\t<div class=\"elementor-element elementor-element-2180bfa elementor-widget elementor-widget-gallery\" data-id=\"2180bfa\" data-element_type=\"widget\" data-e-type=\"widget\" data-settings=\"{&quot;columns&quot;:1,&quot;aspect_ratio&quot;:&quot;4:3&quot;,&quot;columns_tablet&quot;:1,&quot;lazyload&quot;:&quot;yes&quot;,&quot;gallery_layout&quot;:&quot;grid&quot;,&quot;columns_mobile&quot;:1,&quot;gap&quot;:{&quot;unit&quot;:&quot;px&quot;,&quot;size&quot;:10,&quot;sizes&quot;:[]},&quot;gap_tablet&quot;:{&quot;unit&quot;:&quot;px&quot;,&quot;size&quot;:10,&quot;sizes&quot;:[]},&quot;gap_mobile&quot;:{&quot;unit&quot;:&quot;px&quot;,&quot;size&quot;:10,&quot;sizes&quot;:[]},&quot;link_to&quot;:&quot;file&quot;,&quot;overlay_background&quot;:&quot;yes&quot;,&quot;content_hover_animation&quot;:&quot;fade-in&quot;}\" data-widget_type=\"gallery.default\">\n\t\t\t\t<div class=\"elementor-widget-container\">\n\t\t\t\t\t\t\t<div class=\"elementor-gallery__container\">\n\t\t\t\t\t\t\t<a class=\"e-gallery-item elementor-gallery-item elementor-animated-content\" href=\"https:\/\/lumirika.com\/wp-content\/uploads\/2025\/04\/DSC_0155-scaled.jpg\" data-elementor-open-lightbox=\"yes\" data-elementor-lightbox-slideshow=\"2180bfa\" data-e-action-hash=\"#elementor-action%3Aaction%3Dlightbox%26settings%3DeyJpZCI6NzQ4LCJ1cmwiOiJodHRwczpcL1wvbHVtaXJpa2EuY29tXC93cC1jb250ZW50XC91cGxvYWRzXC8yMDI1XC8wNFwvRFNDXzAxNTUtc2NhbGVkLmpwZyIsInNsaWRlc2hvdyI6IjIxODBiZmEifQ%3D%3D\">\n\t\t\t\t\t<div class=\"e-gallery-image elementor-gallery-item__image\" data-thumbnail=\"https:\/\/lumirika.com\/wp-content\/uploads\/2025\/04\/DSC_0155-scaled.jpg\" data-width=\"1707\" data-height=\"2560\" aria-label=\"\" role=\"img\" ><\/div>\n\t\t\t\t\t\t\t\t\t\t\t<div class=\"elementor-gallery-item__overlay\"><\/div>\n\t\t\t\t\t\t\t\t\t\t\t\t\t\t<\/a>\n\t\t\t\t\t<\/div>\n\t\t\t\t\t<\/div>\n\t\t\t\t<\/div>\n\t\t\t\t<\/div>\n\t\t<div class=\"elementor-element elementor-element-1d5b149 e-con-full e-flex e-con e-child\" data-id=\"1d5b149\" data-element_type=\"container\" data-e-type=\"container\">\n\t\t\t\t<div class=\"elementor-element elementor-element-7f886c1 elementor-widget elementor-widget-text-editor\" data-id=\"7f886c1\" data-element_type=\"widget\" data-e-type=\"widget\" data-widget_type=\"text-editor.default\">\n\t\t\t\t<div class=\"elementor-widget-container\">\n\t\t\t\t\t\t\t\t\t<p class=\"p2\">Precisely for all this, I like to take photos as naturally as possible; I adapt to whatever makes you feel most comfortable. My job is to guide you in creating beautiful memories to immortalize. That's why I take a lot of photos at home. I come to your home if you want family photos, where the little ones feel more comfortable, and so do you. And if you don't like posing, I'm happy to tell you that... all you have to do is be yourself! I'll guide you throughout the session. You can also do it with me. It could be anything you do as a family or as a couple: cooking, playing with the kids...<\/p>\t\t\t\t\t\t\t\t<\/div>\n\t\t\t\t<\/div>\n\t\t\t\t<\/div>\n\t\t<div class=\"elementor-element elementor-element-273cf90 e-con-full e-flex e-con e-child\" data-id=\"273cf90\" data-element_type=\"container\" data-e-type=\"container\">\n\t\t\t\t<div class=\"elementor-element elementor-element-c870463 elementor-widget elementor-widget-gallery\" data-id=\"c870463\" data-element_type=\"widget\" data-e-type=\"widget\" data-settings=\"{&quot;columns&quot;:3,&quot;aspect_ratio&quot;:&quot;1:1&quot;,&quot;columns_tablet&quot;:3,&quot;lazyload&quot;:&quot;yes&quot;,&quot;gallery_layout&quot;:&quot;grid&quot;,&quot;columns_mobile&quot;:1,&quot;gap&quot;:{&quot;unit&quot;:&quot;px&quot;,&quot;size&quot;:10,&quot;sizes&quot;:[]},&quot;gap_tablet&quot;:{&quot;unit&quot;:&quot;px&quot;,&quot;size&quot;:10,&quot;sizes&quot;:[]},&quot;gap_mobile&quot;:{&quot;unit&quot;:&quot;px&quot;,&quot;size&quot;:10,&quot;sizes&quot;:[]},&quot;link_to&quot;:&quot;file&quot;,&quot;overlay_background&quot;:&quot;yes&quot;,&quot;content_hover_animation&quot;:&quot;fade-in&quot;}\" data-widget_type=\"gallery.default\">\n\t\t\t\t<div class=\"elementor-widget-container\">\n\t\t\t\t\t\t\t<div class=\"elementor-gallery__container\">\n\t\t\t\t\t\t\t<a class=\"e-gallery-item elementor-gallery-item elementor-animated-content\" href=\"https:\/\/lumirika.com\/wp-content\/uploads\/2025\/04\/17271DSC_6429-scaled.jpg\" data-elementor-open-lightbox=\"yes\" data-elementor-lightbox-slideshow=\"c870463\" data-e-action-hash=\"#elementor-action%3Aaction%3Dlightbox%26settings%3DeyJpZCI6Nzc4LCJ1cmwiOiJodHRwczpcL1wvbHVtaXJpa2EuY29tXC93cC1jb250ZW50XC91cGxvYWRzXC8yMDI1XC8wNFwvMTcyNzFEU0NfNjQyOS1zY2FsZWQuanBnIiwic2xpZGVzaG93IjoiYzg3MDQ2MyJ9\">\n\t\t\t\t\t<div class=\"e-gallery-image elementor-gallery-item__image\" data-thumbnail=\"https:\/\/lumirika.com\/wp-content\/uploads\/2025\/04\/17271DSC_6429-scaled.jpg\" data-width=\"2560\" data-height=\"1939\" aria-label=\"\" role=\"img\" ><\/div>\n\t\t\t\t\t\t\t\t\t\t\t<div class=\"elementor-gallery-item__overlay\"><\/div>\n\t\t\t\t\t\t\t\t\t\t\t\t\t\t<\/a>\n\t\t\t\t\t\t\t<a class=\"e-gallery-item elementor-gallery-item elementor-animated-content\" href=\"https:\/\/lumirika.com\/wp-content\/uploads\/2025\/08\/PRINCIPIO-scaled.jpg\" data-elementor-open-lightbox=\"yes\" data-elementor-lightbox-slideshow=\"c870463\" data-e-action-hash=\"#elementor-action%3Aaction%3Dlightbox%26settings%3DeyJpZCI6MjA1OSwidXJsIjoiaHR0cHM6XC9cL2x1bWlyaWthLmNvbVwvd3AtY29udGVudFwvdXBsb2Fkc1wvMjAyNVwvMDhcL1BSSU5DSVBJTy1zY2FsZWQuanBnIiwic2xpZGVzaG93IjoiYzg3MDQ2MyJ9\">\n\t\t\t\t\t<div class=\"e-gallery-image elementor-gallery-item__image\" data-thumbnail=\"https:\/\/lumirika.com\/wp-content\/uploads\/2025\/08\/PRINCIPIO-scaled.jpg\" data-width=\"1707\" data-height=\"2560\" aria-label=\"\" role=\"img\" ><\/div>\n\t\t\t\t\t\t\t\t\t\t\t<div class=\"elementor-gallery-item__overlay\"><\/div>\n\t\t\t\t\t\t\t\t\t\t\t\t\t\t<\/a>\n\t\t\t\t\t\t\t<a class=\"e-gallery-item elementor-gallery-item elementor-animated-content\" href=\"https:\/\/lumirika.com\/wp-content\/uploads\/2025\/04\/DSC_0224-scaled.jpg\" data-elementor-open-lightbox=\"yes\" data-elementor-lightbox-slideshow=\"c870463\" data-e-action-hash=\"#elementor-action%3Aaction%3Dlightbox%26settings%3DeyJpZCI6Nzc5LCJ1cmwiOiJodHRwczpcL1wvbHVtaXJpa2EuY29tXC93cC1jb250ZW50XC91cGxvYWRzXC8yMDI1XC8wNFwvRFNDXzAyMjQtc2NhbGVkLmpwZyIsInNsaWRlc2hvdyI6ImM4NzA0NjMifQ%3D%3D\">\n\t\t\t\t\t<div class=\"e-gallery-image elementor-gallery-item__image\" data-thumbnail=\"https:\/\/lumirika.com\/wp-content\/uploads\/2025\/04\/DSC_0224-scaled.jpg\" data-width=\"2560\" data-height=\"1709\" aria-label=\"\" role=\"img\" ><\/div>\n\t\t\t\t\t\t\t\t\t\t\t<div class=\"elementor-gallery-item__overlay\"><\/div>\n\t\t\t\t\t\t\t\t\t\t\t\t\t\t<\/a>\n\t\t\t\t\t<\/div>\n\t\t\t\t\t<\/div>\n\t\t\t\t<\/div>\n\t\t\t\t<\/div>\n\t\t\t\t<\/div>\n\t\t\t\t<\/div>","protected":false},"excerpt":{"rendered":"<p>Sobre m\u00ed \u00a1Hola! Hola, me llamo Irati. Soy una chica de Bilbao, siempre que puedo me escapo al campo o a la playa, viajo o voy a las fiestas de los pueblos en verano. Nada que no hagamos todos vaya, pero me gustar\u00eda contarte c\u00f3mo he llegado hasta aqu\u00ed. A ser la fot\u00f3grafa de tus [&hellip;]<\/p>\n","protected":false},"author":1,"featured_media":1764,"parent":0,"menu_order":0,"comment_status":"closed","ping_status":"closed","template":"elementor_header_footer","meta":{"footnotes":""},"class_list":["post-9","page","type-page","status-publish","has-post-thumbnail","hentry"],"_links":{"self":[{"href":"https:\/\/lumirika.com\/en\/wp-json\/wp\/v2\/pages\/9","targetHints":{"allow":["GET"]}}],"collection":[{"href":"https:\/\/lumirika.com\/en\/wp-json\/wp\/v2\/pages"}],"about":[{"href":"https:\/\/lumirika.com\/en\/wp-json\/wp\/v2\/types\/page"}],"author":[{"embeddable":true,"href":"https:\/\/lumirika.com\/en\/wp-json\/wp\/v2\/users\/1"}],"replies":[{"embeddable":true,"href":"https:\/\/lumirika.com\/en\/wp-json\/wp\/v2\/comments?post=9"}],"version-history":[{"count":247,"href":"https:\/\/lumirika.com\/en\/wp-json\/wp\/v2\/pages\/9\/revisions"}],"predecessor-version":[{"id":2065,"href":"https:\/\/lumirika.com\/en\/wp-json\/wp\/v2\/pages\/9\/revisions\/2065"}],"wp:featuredmedia":[{"embeddable":true,"href":"https:\/\/lumirika.com\/en\/wp-json\/wp\/v2\/media\/1764"}],"wp:attachment":[{"href":"https:\/\/lumirika.com\/en\/wp-json\/wp\/v2\/media?parent=9"}],"curies":[{"name":"wp","href":"https:\/\/api.w.org\/{rel}","templated":true}]}}