{"id":903,"date":"2025-04-03T19:38:29","date_gmt":"2025-04-03T19:38:29","guid":{"rendered":"https:\/\/lumirika.com\/?page_id=903"},"modified":"2025-08-01T09:15:22","modified_gmt":"2025-08-01T09:15:22","slug":"books-de-fotos-en-bilbao","status":"publish","type":"page","link":"https:\/\/lumirika.com\/en\/servicios\/estudio-de-fotos-en-bizkaia\/books-de-fotos-en-bilbao\/","title":{"rendered":"Book"},"content":{"rendered":"\t\t<div data-elementor-type=\"wp-page\" data-elementor-id=\"903\" class=\"elementor elementor-903\" data-elementor-post-type=\"page\">\n\t\t\t\t<div class=\"elementor-element elementor-element-59be825 e-con-full e-flex e-con e-parent\" data-id=\"59be825\" data-element_type=\"container\" data-e-type=\"container\" data-settings=\"{&quot;background_background&quot;:&quot;classic&quot;}\">\n\t\t<div class=\"elementor-element elementor-element-09c45fb e-con-full e-flex e-con e-child\" data-id=\"09c45fb\" data-element_type=\"container\" data-e-type=\"container\">\n\t\t\t\t<div class=\"elementor-element elementor-element-582cf41 elementor-widget elementor-widget-heading\" data-id=\"582cf41\" data-element_type=\"widget\" data-e-type=\"widget\" data-widget_type=\"heading.default\">\n\t\t\t\t<div class=\"elementor-widget-container\">\n\t\t\t\t\t<h1 class=\"elementor-heading-title elementor-size-default\">Books de fotos en bilbao <br> y alrededores<\/h1>\t\t\t\t<\/div>\n\t\t\t\t<\/div>\n\t\t\t\t<\/div>\n\t\t\t\t<\/div>\n\t\t<div class=\"elementor-element elementor-element-74dd1db e-con-full e-flex e-con e-parent\" data-id=\"74dd1db\" data-element_type=\"container\" data-e-type=\"container\" data-settings=\"{&quot;background_background&quot;:&quot;classic&quot;}\">\n\t\t<div class=\"elementor-element elementor-element-fe01078 e-con-full e-flex e-con e-child\" data-id=\"fe01078\" data-element_type=\"container\" data-e-type=\"container\">\n\t\t\t\t<div class=\"elementor-element elementor-element-53300bb elementor-widget elementor-widget-text-editor\" data-id=\"53300bb\" data-element_type=\"widget\" data-e-type=\"widget\" data-widget_type=\"text-editor.default\">\n\t\t\t\t<div class=\"elementor-widget-container\">\n\t\t\t\t\t\t\t\t\t<p class=\"\" data-start=\"313\" data-end=\"411\">Fotograf\u00edas para tu perfil profesional, o sencillamente para t\u00ed. Haz una pausa para mirarte desde otro lugar y contar qui\u00e9n eres, con luz propia.&nbsp;<\/p>\t\t\t\t\t\t\t\t<\/div>\n\t\t\t\t<\/div>\n\t\t\t\t<\/div>\n\t\t<div class=\"elementor-element elementor-element-07a2d95 e-con-full e-flex e-con e-child\" data-id=\"07a2d95\" data-element_type=\"container\" data-e-type=\"container\" data-settings=\"{&quot;background_background&quot;:&quot;classic&quot;}\">\n\t\t\t\t<div class=\"elementor-element elementor-element-c90ab48 elementor-widget__width-inherit elementor-widget elementor-widget-jet-listing-grid\" data-id=\"c90ab48\" data-element_type=\"widget\" data-e-type=\"widget\" data-settings=\"{&quot;columns&quot;:&quot;3&quot;,&quot;columns_tablet&quot;:&quot;2&quot;,&quot;columns_mobile&quot;:&quot;1&quot;}\" data-widget_type=\"jet-listing-grid.default\">\n\t\t\t\t<div class=\"elementor-widget-container\">\n\t\t\t\t\t<div class=\"jet-listing-grid jet-listing\"><div class=\"jet-listing-grid__items grid-col-desk-3 grid-col-tablet-2 grid-col-mobile-1 jet-listing-grid--267 jet-equal-columns__wrapper grid-collapse-gap\" data-queried-id=\"903|WP_Post\" data-nav=\"{&quot;enabled&quot;:true,&quot;type&quot;:&quot;scroll&quot;,&quot;more_el&quot;:null,&quot;query&quot;:{&quot;post_status&quot;:[&quot;publish&quot;],&quot;post_type&quot;:&quot;proyectos&quot;,&quot;posts_per_page&quot;:&quot;999&quot;,&quot;paged&quot;:&quot;1&quot;,&quot;ignore_sticky_posts&quot;:&quot;1&quot;,&quot;tax_query&quot;:[{&quot;taxonomy&quot;:&quot;categoria-de-proyecto&quot;,&quot;field&quot;:&quot;IN&quot;,&quot;terms&quot;:[&quot;9&quot;],&quot;operator&quot;:&quot;IN&quot;}],&quot;suppress_filters&quot;:false,&quot;jet_smart_filters&quot;:&quot;jet-engine\\\/default&quot;,&quot;signature&quot;:&quot;78a260da7ba293a997e7426d4e31c3154c92c5308e2b350db81f46dd077578ad&quot;},&quot;widget_settings&quot;:{&quot;lisitng_id&quot;:267,&quot;posts_num&quot;:999,&quot;columns&quot;:3,&quot;columns_tablet&quot;:2,&quot;columns_mobile&quot;:1,&quot;column_min_width&quot;:240,&quot;column_min_width_tablet&quot;:240,&quot;column_min_width_mobile&quot;:240,&quot;inline_columns_css&quot;:false,&quot;is_archive_template&quot;:&quot;&quot;,&quot;post_status&quot;:[&quot;publish&quot;],&quot;use_random_posts_num&quot;:&quot;&quot;,&quot;max_posts_num&quot;:9,&quot;not_found_message&quot;:&quot;No data was found&quot;,&quot;is_masonry&quot;:false,&quot;equal_columns_height&quot;:&quot;yes&quot;,&quot;use_load_more&quot;:&quot;yes&quot;,&quot;load_more_id&quot;:&quot;&quot;,&quot;load_more_type&quot;:&quot;scroll&quot;,&quot;load_more_offset&quot;:{&quot;unit&quot;:&quot;px&quot;,&quot;size&quot;:0,&quot;sizes&quot;:[]},&quot;use_custom_post_types&quot;:&quot;&quot;,&quot;custom_post_types&quot;:[],&quot;hide_widget_if&quot;:&quot;&quot;,&quot;carousel_enabled&quot;:&quot;&quot;,&quot;slides_to_scroll&quot;:&quot;1&quot;,&quot;arrows&quot;:&quot;true&quot;,&quot;arrow_icon&quot;:&quot;fa fa-angle-left&quot;,&quot;dots&quot;:&quot;&quot;,&quot;autoplay&quot;:&quot;true&quot;,&quot;pause_on_hover&quot;:&quot;true&quot;,&quot;autoplay_speed&quot;:5000,&quot;infinite&quot;:&quot;true&quot;,&quot;center_mode&quot;:&quot;&quot;,&quot;effect&quot;:&quot;slide&quot;,&quot;speed&quot;:500,&quot;inject_alternative_items&quot;:&quot;&quot;,&quot;injection_items&quot;:[],&quot;scroll_slider_enabled&quot;:&quot;&quot;,&quot;scroll_slider_on&quot;:[&quot;desktop&quot;,&quot;tablet&quot;,&quot;mobile&quot;],&quot;custom_query&quot;:false,&quot;custom_query_id&quot;:&quot;&quot;,&quot;_element_id&quot;:&quot;&quot;,&quot;collapse_first_last_gap&quot;:&quot;true&quot;,&quot;list_tag_selection&quot;:&quot;&quot;,&quot;list_items_wrapper_tag&quot;:&quot;div&quot;,&quot;list_item_tag&quot;:&quot;div&quot;,&quot;empty_items_wrapper_tag&quot;:&quot;div&quot;}}\" data-page=\"1\" data-pages=\"1\" data-listing-source=\"posts\" data-listing-id=\"267\" data-query-id=\"\"><div class=\"jet-listing-grid__item jet-listing-dynamic-post-2018 jet-equal-columns\" data-post-id=\"2018\"  ><style type=\"text\/css\">.jet-listing-dynamic-post-2018 .elementor-element.elementor-element-a087df6:not(.elementor-motion-effects-element-type-background), .jet-listing-dynamic-post-2018 .elementor-element.elementor-element-a087df6 > .elementor-motion-effects-container > .elementor-motion-effects-layer{background-image:url(\"https:\/\/lumirika.com\/wp-content\/uploads\/2025\/04\/DSC_0189-scaled.jpg\");}<\/style>\t\t<div data-elementor-type=\"jet-listing-items\" data-elementor-id=\"267\" class=\"elementor elementor-267\" data-elementor-post-type=\"jet-engine\">\n\t\t\t\t<div class=\"elementor-element elementor-element-d87007d e-con-full e-flex e-con e-parent\" data-id=\"d87007d\" data-element_type=\"container\" data-e-type=\"container\" data-settings=\"{&quot;background_background&quot;:&quot;classic&quot;}\">\n\t\t<a class=\"elementor-element elementor-element-a087df6 e-con-full e-flex e-con e-child\" data-id=\"a087df6\" data-element_type=\"container\" data-e-type=\"container\" data-settings=\"{&quot;background_background&quot;:&quot;classic&quot;}\" href=\"https:\/\/lumirika.com\/en\/proyectos\/jasone\/\">\n\t\t\t\t<\/a>\n\t\t<div class=\"elementor-element elementor-element-15a1f99 e-con-full e-flex e-con e-child\" data-id=\"15a1f99\" data-element_type=\"container\" data-e-type=\"container\">\n\t\t\t\t<div class=\"elementor-element elementor-element-8388d29 elementor-widget elementor-widget-heading\" data-id=\"8388d29\" data-element_type=\"widget\" data-e-type=\"widget\" data-widget_type=\"heading.default\">\n\t\t\t\t<div class=\"elementor-widget-container\">\n\t\t\t\t\t<div class=\"elementor-heading-title elementor-size-default\"><a href=\"https:\/\/lumirika.com\/en\/proyectos\/jasone\/\">Jasone<\/a><\/div>\t\t\t\t<\/div>\n\t\t\t\t<\/div>\n\t\t\t\t<div class=\"elementor-element elementor-element-61ee17d elementor-widget elementor-widget-heading\" data-id=\"61ee17d\" data-element_type=\"widget\" data-e-type=\"widget\" data-widget_type=\"heading.default\">\n\t\t\t\t<div class=\"elementor-widget-container\">\n\t\t\t\t\t<div class=\"elementor-heading-title elementor-size-default\"><span>Book<\/span><\/div>\t\t\t\t<\/div>\n\t\t\t\t<\/div>\n\t\t\t\t<\/div>\n\t\t\t\t<\/div>\n\t\t\t\t<\/div>\n\t\t<\/div><div class=\"jet-listing-grid__item jet-listing-dynamic-post-2016 jet-equal-columns\" data-post-id=\"2016\"  ><style type=\"text\/css\">.jet-listing-dynamic-post-2016 .elementor-element.elementor-element-a087df6:not(.elementor-motion-effects-element-type-background), .jet-listing-dynamic-post-2016 .elementor-element.elementor-element-a087df6 > .elementor-motion-effects-container > .elementor-motion-effects-layer{background-image:url(\"https:\/\/lumirika.com\/wp-content\/uploads\/2025\/04\/DSC_1016-scaled.jpg\");}<\/style>\t\t<div data-elementor-type=\"jet-listing-items\" data-elementor-id=\"267\" class=\"elementor elementor-267\" data-elementor-post-type=\"jet-engine\">\n\t\t\t\t<div class=\"elementor-element elementor-element-d87007d e-con-full e-flex e-con e-parent\" data-id=\"d87007d\" data-element_type=\"container\" data-e-type=\"container\" data-settings=\"{&quot;background_background&quot;:&quot;classic&quot;}\">\n\t\t<a class=\"elementor-element elementor-element-a087df6 e-con-full e-flex e-con e-child\" data-id=\"a087df6\" data-element_type=\"container\" data-e-type=\"container\" data-settings=\"{&quot;background_background&quot;:&quot;classic&quot;}\" href=\"https:\/\/lumirika.com\/en\/proyectos\/boudoir\/\">\n\t\t\t\t<\/a>\n\t\t<div class=\"elementor-element elementor-element-15a1f99 e-con-full e-flex e-con e-child\" data-id=\"15a1f99\" data-element_type=\"container\" data-e-type=\"container\">\n\t\t\t\t<div class=\"elementor-element elementor-element-8388d29 elementor-widget elementor-widget-heading\" data-id=\"8388d29\" data-element_type=\"widget\" data-e-type=\"widget\" data-widget_type=\"heading.default\">\n\t\t\t\t<div class=\"elementor-widget-container\">\n\t\t\t\t\t<div class=\"elementor-heading-title elementor-size-default\"><a href=\"https:\/\/lumirika.com\/en\/proyectos\/boudoir\/\">Boudoir<\/a><\/div>\t\t\t\t<\/div>\n\t\t\t\t<\/div>\n\t\t\t\t<div class=\"elementor-element elementor-element-61ee17d elementor-widget elementor-widget-heading\" data-id=\"61ee17d\" data-element_type=\"widget\" data-e-type=\"widget\" data-widget_type=\"heading.default\">\n\t\t\t\t<div class=\"elementor-widget-container\">\n\t\t\t\t\t<div class=\"elementor-heading-title elementor-size-default\"><span>Book<\/span><\/div>\t\t\t\t<\/div>\n\t\t\t\t<\/div>\n\t\t\t\t<\/div>\n\t\t\t\t<\/div>\n\t\t\t\t<\/div>\n\t\t<\/div><div class=\"jet-listing-grid__item jet-listing-dynamic-post-1291 jet-equal-columns\" data-post-id=\"1291\"  ><style type=\"text\/css\">.jet-listing-dynamic-post-1291 .elementor-element.elementor-element-a087df6:not(.elementor-motion-effects-element-type-background), .jet-listing-dynamic-post-1291 .elementor-element.elementor-element-a087df6 > .elementor-motion-effects-container > .elementor-motion-effects-layer{background-image:url(\"https:\/\/lumirika.com\/wp-content\/uploads\/2025\/04\/BOOK.jpg\");}<\/style>\t\t<div data-elementor-type=\"jet-listing-items\" data-elementor-id=\"267\" class=\"elementor elementor-267\" data-elementor-post-type=\"jet-engine\">\n\t\t\t\t<div class=\"elementor-element elementor-element-d87007d e-con-full e-flex e-con e-parent\" data-id=\"d87007d\" data-element_type=\"container\" data-e-type=\"container\" data-settings=\"{&quot;background_background&quot;:&quot;classic&quot;}\">\n\t\t<a class=\"elementor-element elementor-element-a087df6 e-con-full e-flex e-con e-child\" data-id=\"a087df6\" data-element_type=\"container\" data-e-type=\"container\" data-settings=\"{&quot;background_background&quot;:&quot;classic&quot;}\" href=\"https:\/\/lumirika.com\/en\/proyectos\/book\/\">\n\t\t\t\t<\/a>\n\t\t<div class=\"elementor-element elementor-element-15a1f99 e-con-full e-flex e-con e-child\" data-id=\"15a1f99\" data-element_type=\"container\" data-e-type=\"container\">\n\t\t\t\t<div class=\"elementor-element elementor-element-8388d29 elementor-widget elementor-widget-heading\" data-id=\"8388d29\" data-element_type=\"widget\" data-e-type=\"widget\" data-widget_type=\"heading.default\">\n\t\t\t\t<div class=\"elementor-widget-container\">\n\t\t\t\t\t<div class=\"elementor-heading-title elementor-size-default\"><a href=\"https:\/\/lumirika.com\/en\/proyectos\/book\/\">Natalia<\/a><\/div>\t\t\t\t<\/div>\n\t\t\t\t<\/div>\n\t\t\t\t<div class=\"elementor-element elementor-element-61ee17d elementor-widget elementor-widget-heading\" data-id=\"61ee17d\" data-element_type=\"widget\" data-e-type=\"widget\" data-widget_type=\"heading.default\">\n\t\t\t\t<div class=\"elementor-widget-container\">\n\t\t\t\t\t<div class=\"elementor-heading-title elementor-size-default\"><span>Book<\/span><\/div>\t\t\t\t<\/div>\n\t\t\t\t<\/div>\n\t\t\t\t<\/div>\n\t\t\t\t<\/div>\n\t\t\t\t<\/div>\n\t\t<\/div><\/div><\/div>\t\t\t\t<\/div>\n\t\t\t\t<\/div>\n\t\t\t\t<\/div>\n\t\t\t\t<\/div>\n\t\t\t\t<\/div>\n\t\t","protected":false},"excerpt":{"rendered":"<p>Books de fotos en bilbao y alrededores Fotograf\u00edas para tu perfil profesional, o sencillamente para t\u00ed. Haz una pausa para mirarte desde otro lugar y contar qui\u00e9n eres, con luz propia.&nbsp;<\/p>","protected":false},"author":1,"featured_media":0,"parent":855,"menu_order":0,"comment_status":"closed","ping_status":"closed","template":"elementor_header_footer","meta":{"footnotes":""},"class_list":["post-903","page","type-page","status-publish","hentry"],"_links":{"self":[{"href":"https:\/\/lumirika.com\/en\/wp-json\/wp\/v2\/pages\/903","targetHints":{"allow":["GET"]}}],"collection":[{"href":"https:\/\/lumirika.com\/en\/wp-json\/wp\/v2\/pages"}],"about":[{"href":"https:\/\/lumirika.com\/en\/wp-json\/wp\/v2\/types\/page"}],"author":[{"embeddable":true,"href":"https:\/\/lumirika.com\/en\/wp-json\/wp\/v2\/users\/1"}],"replies":[{"embeddable":true,"href":"https:\/\/lumirika.com\/en\/wp-json\/wp\/v2\/comments?post=903"}],"version-history":[{"count":44,"href":"https:\/\/lumirika.com\/en\/wp-json\/wp\/v2\/pages\/903\/revisions"}],"predecessor-version":[{"id":2055,"href":"https:\/\/lumirika.com\/en\/wp-json\/wp\/v2\/pages\/903\/revisions\/2055"}],"up":[{"embeddable":true,"href":"https:\/\/lumirika.com\/en\/wp-json\/wp\/v2\/pages\/855"}],"wp:attachment":[{"href":"https:\/\/lumirika.com\/en\/wp-json\/wp\/v2\/media?parent=903"}],"curies":[{"name":"wp","href":"https:\/\/api.w.org\/{rel}","templated":true}]}}