{"id":963,"date":"2025-04-03T19:54:52","date_gmt":"2025-04-03T19:54:52","guid":{"rendered":"https:\/\/lumirika.com\/?page_id=963"},"modified":"2025-06-05T14:33:47","modified_gmt":"2025-06-05T14:33:47","slug":"fotografia-de-conciertos-en-bizkaia","status":"publish","type":"page","link":"https:\/\/lumirika.com\/en\/servicios\/producciones-en-bilbao\/fotografia-de-conciertos-en-bizkaia\/","title":{"rendered":"Music"},"content":{"rendered":"\t\t<div data-elementor-type=\"wp-page\" data-elementor-id=\"963\" class=\"elementor elementor-963\" data-elementor-post-type=\"page\">\n\t\t\t\t<div class=\"elementor-element elementor-element-e8643e4 e-con-full e-flex e-con e-parent\" data-id=\"e8643e4\" data-element_type=\"container\" data-e-type=\"container\" data-settings=\"{&quot;background_background&quot;:&quot;classic&quot;}\">\n\t\t<div class=\"elementor-element elementor-element-2182b8e e-con-full e-flex e-con e-child\" data-id=\"2182b8e\" data-element_type=\"container\" data-e-type=\"container\">\n\t\t\t\t<div class=\"elementor-element elementor-element-0264a79 elementor-widget elementor-widget-heading\" data-id=\"0264a79\" data-element_type=\"widget\" data-e-type=\"widget\" data-widget_type=\"heading.default\">\n\t\t\t\t<div class=\"elementor-widget-container\">\n\t\t\t\t\t<h1 class=\"elementor-heading-title elementor-size-default\">Fot\u00f3grafa de conciertos en bizkaia<\/h1>\t\t\t\t<\/div>\n\t\t\t\t<\/div>\n\t\t\t\t<\/div>\n\t\t\t\t<\/div>\n\t\t<div class=\"elementor-element elementor-element-9a42a23 e-con-full e-flex e-con e-parent\" data-id=\"9a42a23\" data-element_type=\"container\" data-e-type=\"container\" data-settings=\"{&quot;background_background&quot;:&quot;classic&quot;}\">\n\t\t<div class=\"elementor-element elementor-element-df538e3 e-con-full e-flex e-con e-child\" data-id=\"df538e3\" data-element_type=\"container\" data-e-type=\"container\">\n\t\t\t\t<div class=\"elementor-element elementor-element-668a224 elementor-widget elementor-widget-text-editor\" data-id=\"668a224\" data-element_type=\"widget\" data-e-type=\"widget\" data-widget_type=\"text-editor.default\">\n\t\t\t\t<div class=\"elementor-widget-container\">\n\t\t\t\t\t\t\t\t\t<p>Tanto si tienes muchos suscriptores de spotify como si no, soy tu fot\u00f3grafa. Me encantan los escenarios. Una vez me dijo Javier Bragado que las fotos de conciertos \u00abten\u00edan que sonar\u00bb \u00a1cu\u00e1nta raz\u00f3n ten\u00eda, que suenen s\u00f3lo con mirarlas!<\/p>\t\t\t\t\t\t\t\t<\/div>\n\t\t\t\t<\/div>\n\t\t\t\t<\/div>\n\t\t<div class=\"elementor-element elementor-element-963fd65 e-con-full e-flex e-con e-child\" data-id=\"963fd65\" data-element_type=\"container\" data-e-type=\"container\" data-settings=\"{&quot;background_background&quot;:&quot;classic&quot;}\">\n\t\t\t\t<div class=\"elementor-element elementor-element-033b9ac elementor-widget__width-inherit elementor-widget elementor-widget-jet-listing-grid\" data-id=\"033b9ac\" data-element_type=\"widget\" data-e-type=\"widget\" data-settings=\"{&quot;columns&quot;:&quot;3&quot;,&quot;columns_tablet&quot;:&quot;2&quot;,&quot;columns_mobile&quot;:&quot;1&quot;}\" data-widget_type=\"jet-listing-grid.default\">\n\t\t\t\t<div class=\"elementor-widget-container\">\n\t\t\t\t\t<div class=\"jet-listing-grid jet-listing\"><div class=\"jet-listing-grid__items grid-col-desk-3 grid-col-tablet-2 grid-col-mobile-1 jet-listing-grid--267 jet-equal-columns__wrapper grid-collapse-gap\" data-queried-id=\"963|WP_Post\" data-nav=\"{&quot;enabled&quot;:true,&quot;type&quot;:&quot;scroll&quot;,&quot;more_el&quot;:null,&quot;query&quot;:{&quot;post_status&quot;:[&quot;publish&quot;],&quot;post_type&quot;:&quot;proyectos&quot;,&quot;posts_per_page&quot;:&quot;100&quot;,&quot;paged&quot;:&quot;1&quot;,&quot;ignore_sticky_posts&quot;:&quot;1&quot;,&quot;tax_query&quot;:[{&quot;taxonomy&quot;:&quot;categoria-de-proyecto&quot;,&quot;field&quot;:&quot;IN&quot;,&quot;terms&quot;:[&quot;16&quot;],&quot;operator&quot;:&quot;IN&quot;}],&quot;suppress_filters&quot;:false,&quot;jet_smart_filters&quot;:&quot;jet-engine\\\/default&quot;,&quot;signature&quot;:&quot;a604594b8a95ea1f9209d1836821aaf1f6e006d60f441e3d28d5a7e5dcbbc024&quot;},&quot;widget_settings&quot;:{&quot;lisitng_id&quot;:267,&quot;posts_num&quot;:100,&quot;columns&quot;:3,&quot;columns_tablet&quot;:2,&quot;columns_mobile&quot;:1,&quot;column_min_width&quot;:240,&quot;column_min_width_tablet&quot;:240,&quot;column_min_width_mobile&quot;:240,&quot;inline_columns_css&quot;:false,&quot;is_archive_template&quot;:&quot;&quot;,&quot;post_status&quot;:[&quot;publish&quot;],&quot;use_random_posts_num&quot;:&quot;&quot;,&quot;max_posts_num&quot;:9,&quot;not_found_message&quot;:&quot;No data was found&quot;,&quot;is_masonry&quot;:false,&quot;equal_columns_height&quot;:&quot;yes&quot;,&quot;use_load_more&quot;:&quot;yes&quot;,&quot;load_more_id&quot;:&quot;&quot;,&quot;load_more_type&quot;:&quot;scroll&quot;,&quot;load_more_offset&quot;:{&quot;unit&quot;:&quot;px&quot;,&quot;size&quot;:0,&quot;sizes&quot;:[]},&quot;use_custom_post_types&quot;:&quot;&quot;,&quot;custom_post_types&quot;:[],&quot;hide_widget_if&quot;:&quot;&quot;,&quot;carousel_enabled&quot;:&quot;&quot;,&quot;slides_to_scroll&quot;:&quot;1&quot;,&quot;arrows&quot;:&quot;true&quot;,&quot;arrow_icon&quot;:&quot;fa fa-angle-left&quot;,&quot;dots&quot;:&quot;&quot;,&quot;autoplay&quot;:&quot;true&quot;,&quot;pause_on_hover&quot;:&quot;true&quot;,&quot;autoplay_speed&quot;:5000,&quot;infinite&quot;:&quot;true&quot;,&quot;center_mode&quot;:&quot;&quot;,&quot;effect&quot;:&quot;slide&quot;,&quot;speed&quot;:500,&quot;inject_alternative_items&quot;:&quot;&quot;,&quot;injection_items&quot;:[],&quot;scroll_slider_enabled&quot;:&quot;&quot;,&quot;scroll_slider_on&quot;:[&quot;desktop&quot;,&quot;tablet&quot;,&quot;mobile&quot;],&quot;custom_query&quot;:false,&quot;custom_query_id&quot;:&quot;&quot;,&quot;_element_id&quot;:&quot;&quot;,&quot;collapse_first_last_gap&quot;:&quot;true&quot;,&quot;list_tag_selection&quot;:&quot;&quot;,&quot;list_items_wrapper_tag&quot;:&quot;div&quot;,&quot;list_item_tag&quot;:&quot;div&quot;,&quot;empty_items_wrapper_tag&quot;:&quot;div&quot;}}\" data-page=\"1\" data-pages=\"1\" data-listing-source=\"posts\" data-listing-id=\"267\" data-query-id=\"\"><div class=\"jet-listing-grid__item jet-listing-dynamic-post-1294 jet-equal-columns\" data-post-id=\"1294\"  ><style type=\"text\/css\">.jet-listing-dynamic-post-1294 .elementor-element.elementor-element-a087df6:not(.elementor-motion-effects-element-type-background), .jet-listing-dynamic-post-1294 .elementor-element.elementor-element-a087df6 > .elementor-motion-effects-container > .elementor-motion-effects-layer{background-image:url(\"https:\/\/lumirika.com\/wp-content\/uploads\/2025\/04\/AsteNagusia-scaled.jpg\");}<\/style>\t\t<div data-elementor-type=\"jet-listing-items\" data-elementor-id=\"267\" class=\"elementor elementor-267\" data-elementor-post-type=\"jet-engine\">\n\t\t\t\t<div class=\"elementor-element elementor-element-d87007d e-con-full e-flex e-con e-parent\" data-id=\"d87007d\" data-element_type=\"container\" data-e-type=\"container\" data-settings=\"{&quot;background_background&quot;:&quot;classic&quot;}\">\n\t\t<a class=\"elementor-element elementor-element-a087df6 e-con-full e-flex e-con e-child\" data-id=\"a087df6\" data-element_type=\"container\" data-e-type=\"container\" data-settings=\"{&quot;background_background&quot;:&quot;classic&quot;}\" href=\"https:\/\/lumirika.com\/en\/proyectos\/tu-grupo\/\">\n\t\t\t\t<\/a>\n\t\t<div class=\"elementor-element elementor-element-15a1f99 e-con-full e-flex e-con e-child\" data-id=\"15a1f99\" data-element_type=\"container\" data-e-type=\"container\">\n\t\t\t\t<div class=\"elementor-element elementor-element-8388d29 elementor-widget elementor-widget-heading\" data-id=\"8388d29\" data-element_type=\"widget\" data-e-type=\"widget\" data-widget_type=\"heading.default\">\n\t\t\t\t<div class=\"elementor-widget-container\">\n\t\t\t\t\t<div class=\"elementor-heading-title elementor-size-default\"><a href=\"https:\/\/lumirika.com\/en\/proyectos\/tu-grupo\/\">Tu Grupo<\/a><\/div>\t\t\t\t<\/div>\n\t\t\t\t<\/div>\n\t\t\t\t<div class=\"elementor-element elementor-element-61ee17d elementor-widget elementor-widget-heading\" data-id=\"61ee17d\" data-element_type=\"widget\" data-e-type=\"widget\" data-widget_type=\"heading.default\">\n\t\t\t\t<div class=\"elementor-widget-container\">\n\t\t\t\t\t<div class=\"elementor-heading-title elementor-size-default\"><span>M\u00fasica<\/span><\/div>\t\t\t\t<\/div>\n\t\t\t\t<\/div>\n\t\t\t\t<\/div>\n\t\t\t\t<\/div>\n\t\t\t\t<\/div>\n\t\t<\/div><div class=\"jet-listing-grid__item jet-listing-dynamic-post-1293 jet-equal-columns\" data-post-id=\"1293\"  ><style type=\"text\/css\">.jet-listing-dynamic-post-1293 .elementor-element.elementor-element-a087df6:not(.elementor-motion-effects-element-type-background), .jet-listing-dynamic-post-1293 .elementor-element.elementor-element-a087df6 > .elementor-motion-effects-container > .elementor-motion-effects-layer{background-image:url(\"https:\/\/lumirika.com\/wp-content\/uploads\/2025\/04\/DSC_0752-scaled.jpg\");}<\/style>\t\t<div data-elementor-type=\"jet-listing-items\" data-elementor-id=\"267\" class=\"elementor elementor-267\" data-elementor-post-type=\"jet-engine\">\n\t\t\t\t<div class=\"elementor-element elementor-element-d87007d e-con-full e-flex e-con e-parent\" data-id=\"d87007d\" data-element_type=\"container\" data-e-type=\"container\" data-settings=\"{&quot;background_background&quot;:&quot;classic&quot;}\">\n\t\t<a class=\"elementor-element elementor-element-a087df6 e-con-full e-flex e-con e-child\" data-id=\"a087df6\" data-element_type=\"container\" data-e-type=\"container\" data-settings=\"{&quot;background_background&quot;:&quot;classic&quot;}\" href=\"https:\/\/lumirika.com\/en\/proyectos\/tal-vez-te-suenan\/\">\n\t\t\t\t<\/a>\n\t\t<div class=\"elementor-element elementor-element-15a1f99 e-con-full e-flex e-con e-child\" data-id=\"15a1f99\" data-element_type=\"container\" data-e-type=\"container\">\n\t\t\t\t<div class=\"elementor-element elementor-element-8388d29 elementor-widget elementor-widget-heading\" data-id=\"8388d29\" data-element_type=\"widget\" data-e-type=\"widget\" data-widget_type=\"heading.default\">\n\t\t\t\t<div class=\"elementor-widget-container\">\n\t\t\t\t\t<div class=\"elementor-heading-title elementor-size-default\"><a href=\"https:\/\/lumirika.com\/en\/proyectos\/tal-vez-te-suenan\/\">Tal Vez Te Suenan<\/a><\/div>\t\t\t\t<\/div>\n\t\t\t\t<\/div>\n\t\t\t\t<div class=\"elementor-element elementor-element-61ee17d elementor-widget elementor-widget-heading\" data-id=\"61ee17d\" data-element_type=\"widget\" data-e-type=\"widget\" data-widget_type=\"heading.default\">\n\t\t\t\t<div class=\"elementor-widget-container\">\n\t\t\t\t\t<div class=\"elementor-heading-title elementor-size-default\"><span>M\u00fasica<\/span><\/div>\t\t\t\t<\/div>\n\t\t\t\t<\/div>\n\t\t\t\t<\/div>\n\t\t\t\t<\/div>\n\t\t\t\t<\/div>\n\t\t<\/div><\/div><\/div>\t\t\t\t<\/div>\n\t\t\t\t<\/div>\n\t\t\t\t<\/div>\n\t\t\t\t<\/div>\n\t\t\t\t<\/div>\n\t\t","protected":false},"excerpt":{"rendered":"<p>Fot\u00f3grafa de conciertos en bizkaia Tanto si tienes muchos suscriptores de spotify como si no, soy tu fot\u00f3grafa. Me encantan los escenarios. Una vez me dijo Javier Bragado que las fotos de conciertos \u00abten\u00edan que sonar\u00bb \u00a1cu\u00e1nta raz\u00f3n ten\u00eda, que suenen s\u00f3lo con mirarlas!<\/p>","protected":false},"author":1,"featured_media":1263,"parent":857,"menu_order":0,"comment_status":"closed","ping_status":"closed","template":"elementor_header_footer","meta":{"footnotes":""},"class_list":["post-963","page","type-page","status-publish","has-post-thumbnail","hentry"],"_links":{"self":[{"href":"https:\/\/lumirika.com\/en\/wp-json\/wp\/v2\/pages\/963","targetHints":{"allow":["GET"]}}],"collection":[{"href":"https:\/\/lumirika.com\/en\/wp-json\/wp\/v2\/pages"}],"about":[{"href":"https:\/\/lumirika.com\/en\/wp-json\/wp\/v2\/types\/page"}],"author":[{"embeddable":true,"href":"https:\/\/lumirika.com\/en\/wp-json\/wp\/v2\/users\/1"}],"replies":[{"embeddable":true,"href":"https:\/\/lumirika.com\/en\/wp-json\/wp\/v2\/comments?post=963"}],"version-history":[{"count":40,"href":"https:\/\/lumirika.com\/en\/wp-json\/wp\/v2\/pages\/963\/revisions"}],"predecessor-version":[{"id":1965,"href":"https:\/\/lumirika.com\/en\/wp-json\/wp\/v2\/pages\/963\/revisions\/1965"}],"up":[{"embeddable":true,"href":"https:\/\/lumirika.com\/en\/wp-json\/wp\/v2\/pages\/857"}],"wp:featuredmedia":[{"embeddable":true,"href":"https:\/\/lumirika.com\/en\/wp-json\/wp\/v2\/media\/1263"}],"wp:attachment":[{"href":"https:\/\/lumirika.com\/en\/wp-json\/wp\/v2\/media?parent=963"}],"curies":[{"name":"wp","href":"https:\/\/api.w.org\/{rel}","templated":true}]}}